{"id":44,"date":"2024-03-23T12:45:30","date_gmt":"2024-03-23T11:45:30","guid":{"rendered":"http:\/\/gelzagebora.se\/?page_id=44"},"modified":"2024-03-23T12:45:30","modified_gmt":"2024-03-23T11:45:30","slug":"minneslund","status":"publish","type":"page","link":"https:\/\/gelzagebora.se\/index.php\/minneslund\/","title":{"rendered":"Minneslund"},"content":{"rendered":"\n<div class=\"wp-block-group alignfull has-background-background-color has-background\" style=\"margin-top:0;margin-bottom:0;padding-top:var(--wp--preset--spacing--60);padding-right:var(--wp--preset--spacing--30);padding-bottom:var(--wp--preset--spacing--60);padding-left:var(--wp--preset--spacing--30)\"><div class=\"wp-block-group__inner-container is-layout-constrained wp-container-core-group-is-layout-392eb801 wp-block-group-is-layout-constrained\">\n<div class=\"wp-block-group alignwide is-content-justification-center\"><div class=\"wp-block-group__inner-container is-layout-constrained wp-block-group-is-layout-constrained\">\n<h3 class=\"wp-block-heading has-text-align-center\">En sida om saknade pusselbitar &#8211; hundar<\/h3>\n\n\n\n<p class=\"has-text-align-left\" style=\"margin-top:16px\">&#8221;Lorem ipsum dolor sit amet, consectetur adipiscing elit, sed do eiusmod tempor incididunt ut labore et dolore magna aliqua. Ut enim ad minim veniam, quis nostrud exercitation ullamco laboris nisi ut aliquip ex ea commodo consequat.<\/p>\n<\/div><\/div>\n\n\n\n<div class=\"wp-block-columns alignwide is-layout-flex wp-container-core-columns-is-layout-65786054 wp-block-columns-is-layout-flex\">\n<div class=\"wp-block-column is-layout-flow wp-block-column-is-layout-flow\">\n<figure class=\"wp-block-image size-large ext-aspect-landscape ext-import\"><img loading=\"lazy\" decoding=\"async\" width=\"683\" height=\"1024\" src=\"http:\/\/gelzagebora.se\/wp-content\/uploads\/2024\/03\/Ture_26man_1-683x1024.jpg\" alt=\"\" class=\"wp-image-215\" srcset=\"https:\/\/gelzagebora.se\/wp-content\/uploads\/2024\/03\/Ture_26man_1-683x1024.jpg 683w, https:\/\/gelzagebora.se\/wp-content\/uploads\/2024\/03\/Ture_26man_1-200x300.jpg 200w, https:\/\/gelzagebora.se\/wp-content\/uploads\/2024\/03\/Ture_26man_1-768x1151.jpg 768w, https:\/\/gelzagebora.se\/wp-content\/uploads\/2024\/03\/Ture_26man_1-1025x1536.jpg 1025w, https:\/\/gelzagebora.se\/wp-content\/uploads\/2024\/03\/Ture_26man_1.jpg 1130w\" sizes=\"auto, (max-width: 683px) 100vw, 683px\" \/><\/figure>\n\n\n\n<p class=\"has-text-align-center has-small-font-size\" style=\"margin-top:8px\">* 2005-05-05\u00a0\u00a0\u00a0 t 2007-09-05<\/p>\n\n\n\n<p><strong>&#8221;Ture&#8221;<\/strong><br><strong>Gelza Gebora&#8217;s Ture <\/strong><br><strong><br><\/strong>e: Korad NUCH LP1 Faunus Samurai <br>u: Back Gammon&#8217;s Kontiki &#8211; &#8221;Troja&#8221;\u00a0\u00a0<br><br>Mattes \u00e4lskade tr\u00e4ningskompis och gulleponke. Jag hoppas att du har det bra i himlen och f\u00e5ngar m\u00e5nga bollar. Det g\u00f6r fortfarande s\u00e5 ont av saknad i br\u00f6stet n\u00e4r jag t\u00e4nker p\u00e5 dig. Dina bamsekramar som kunde f\u00e4lla de flesta&#8230; Ibland \u00e4r livet alltf\u00f6r grymt! De som du, som \u00e4r de mest godhj\u00e4rtade och sn\u00e4llaste, f\u00e5r l\u00e4mna oss alltf\u00f6r tidigt. Du och jag fick alldeles f\u00f6r kort tid tillsammans. Hoppas du \u00e4r h\u00e4r ibland och h\u00e4lsar p\u00e5, \u00e4lskade, stora brummelbj\u00f6rn!<\/p>\n\n\n\n<p>BOLLVARNING!!!<br>Jag vill passa p\u00e5 att varna alla hundv\u00e4nner! Lek inte med n\u00e5gon typ av boll som ej har ett genomg\u00e5ende sn\u00f6re genom sig. Ture satte sin \u00e4lskade boll, hans favoritleksak, i halsen. Det var under en ordnad tr\u00e4ningssituation och han plockade den sj\u00e4lv fr\u00e5n backen. P\u00e5 v\u00e4gen tillbaka till mig m\u00e5ste han ha sl\u00e4ngt upp med huvudet och samtidigt andats in. Bollen satte sig som en sugpropp l\u00e5ngt ned i svalget och trots upprepade f\u00f6rs\u00f6k att f\u00e5 grepp om den (med olika verktyg ocks\u00e5), och trots Heimlich man\u00f6ver, satt den som i ett skruvst\u00e4d. Man har tyv\u00e4rr inte m\u00e5nga minuter p\u00e5 sig och svalget svullnar upp snabbt, alltf\u00f6r snabbt! Hade jag haft ett sn\u00f6re genom bollen hade det inte blivit samma vaccumsituation&#8230;<\/p>\n<\/div>\n\n\n\n<div class=\"wp-block-column is-layout-flow wp-block-column-is-layout-flow\">\n<figure class=\"wp-block-image size-large ext-aspect-landscape ext-import\"><img loading=\"lazy\" decoding=\"async\" width=\"683\" height=\"1024\" src=\"http:\/\/gelzagebora.se\/wp-content\/uploads\/2024\/03\/Hugo_sommar07-683x1024.jpg\" alt=\"\" class=\"wp-image-216\" srcset=\"https:\/\/gelzagebora.se\/wp-content\/uploads\/2024\/03\/Hugo_sommar07-683x1024.jpg 683w, https:\/\/gelzagebora.se\/wp-content\/uploads\/2024\/03\/Hugo_sommar07-200x300.jpg 200w, https:\/\/gelzagebora.se\/wp-content\/uploads\/2024\/03\/Hugo_sommar07.jpg 769w\" sizes=\"auto, (max-width: 683px) 100vw, 683px\" \/><\/figure>\n\n\n\n<p class=\"has-text-align-center has-small-font-size\" style=\"margin-top:8px\">* 2000-06-25\u00a0\u00a0\u00a0\u00a0 t 2007-10-11<\/p>\n\n\n\n<p><strong>&#8221;Hugo&#8221;<\/strong><br><strong>Back Gammon&#8217;s Jim Beam <br><\/strong><br>e:INTUCH Korad NUCH SUCH Tjh<br>\u00a0Rott\u00e9was Esko \u00a0<br>u: Korad Tjh Back Gammon&#8217;s Daiquiri <\/p>\n\n\n\n<p>Hugo, vi fick ocks\u00e5 alldeles f\u00f6r kort tid tillsammans!!! F\u00f6r tv\u00e5 \u00e5r sedan kom du till oss p\u00e5 Lugnet och skapade harmoni med din tyngd, status och dina \u00e5r, i den d\u00e5 ganska unga flocken! F\u00f6rsta veckorna var du ovan vid mitt kel och morrade rej\u00e4lt tills du b\u00f6rjade v\u00e4nja dig och tycka att det var riktigt sk\u00f6\u00f6\u00f6\u00f6nt. Ingen kunde vrida och v\u00e4nda p\u00e5 sitt stora huvud som du f\u00f6r att f\u00f6rs\u00f6ka f\u00f6rst\u00e5 allt konstigt jag sa. En j\u00e4ttefin kull gav du oss (R-kullen). Matte t\u00e4nkte sig en till nu i h\u00f6st eftersom du var s\u00e5 pigg och alert. Stor blev sorgen och f\u00f6rtvivlan n\u00e4r det uppdagades att du hade cancer i hela kroppen&#8230;Hur kunde du vara s\u00e5 pigg, snygg och busig&#8230;\u00e4nd\u00e5??? Vi fick trots allt ett par h\u00e4rliga dagar med &#8221;s\u00f6k&#8221; p\u00e5 l\u00e4gret p\u00e5 Marma, d\u00e4r du visade oss alla att du kunde hitta matte!!! Vi \u00e4r m\u00e5nga som saknar dig h\u00e4r nere Hugo!!! Vila i frid, min v\u00e4n!<\/p>\n<\/div>\n<\/div>\n\n\n\n<div class=\"wp-block-columns alignwide is-layout-flex wp-container-core-columns-is-layout-65786054 wp-block-columns-is-layout-flex\">\n<div class=\"wp-block-column is-layout-flow wp-block-column-is-layout-flow\">\n<figure class=\"wp-block-image size-full ext-aspect-landscape ext-import\"><img loading=\"lazy\" decoding=\"async\" width=\"435\" height=\"409\" src=\"http:\/\/gelzagebora.se\/wp-content\/uploads\/2024\/03\/Krut.jpg\" alt=\"\" class=\"wp-image-218\" srcset=\"https:\/\/gelzagebora.se\/wp-content\/uploads\/2024\/03\/Krut.jpg 435w, https:\/\/gelzagebora.se\/wp-content\/uploads\/2024\/03\/Krut-300x282.jpg 300w\" sizes=\"auto, (max-width: 435px) 100vw, 435px\" \/><\/figure>\n\n\n\n<p class=\"has-text-align-center has-small-font-size\" style=\"margin-top:8px\">* 1995-04-20\u00a0\u00a0\u00a0\u00a0 t 2005-11-21<\/p>\n\n\n\n<p><strong>&#8221;Krut&#8221;<\/strong><br><strong>Tjh Nem\u00e5rs Kurir <\/strong><br>e: Korad SBCH Ditteg\u00e5rdens Oskov <br>u: Dogservice Akita <\/p>\n\n\n\n<p>V\u00e5r underbara Sch\u00e4fer hane som h\u00e5llit ordning p\u00e5 alla damer! Han var ett ordentligt &#8221;Krut&#8221;-paket och en sp\u00e5rstj\u00e4rna utan dess like. Krut var dessutom en mycket bra valpuppfostrare och tog sin uppgift p\u00e5 st\u00f6rsta allvar och gjorde det med glans! Krut var ocks\u00e5 Tj\u00e4nstehund inom Marinen och hade ibland uppvisningar i bla frisp\u00e5r.<\/p>\n<\/div>\n\n\n\n<div class=\"wp-block-column is-layout-flow wp-block-column-is-layout-flow\">\n<figure class=\"wp-block-image size-full is-resized ext-aspect-landscape ext-import\"><img loading=\"lazy\" decoding=\"async\" width=\"435\" height=\"426\" src=\"http:\/\/gelzagebora.se\/wp-content\/uploads\/2024\/03\/Elza-1.jpg\" alt=\"\" class=\"wp-image-220\" style=\"width:308px;height:auto\" srcset=\"https:\/\/gelzagebora.se\/wp-content\/uploads\/2024\/03\/Elza-1.jpg 435w, https:\/\/gelzagebora.se\/wp-content\/uploads\/2024\/03\/Elza-1-300x294.jpg 300w\" sizes=\"auto, (max-width: 435px) 100vw, 435px\" \/><\/figure>\n\n\n\n<p class=\"has-text-align-center has-small-font-size\" style=\"margin-top:8px\">* 1993-01-29\u00a0\u00a0\u00a0\u00a0 t 2005-11-06<\/p>\n\n\n\n<p><strong>&#8221;Elza&#8221;<\/strong><br><strong>Tjh LP Skallbj\u00f6rnens Gelza-Gebora <\/strong><br>e: Korad Faunus Scrappy Doo <br>u: Korad L\u00e4mmamossens Issabell-Ine<\/p>\n\n\n\n<p>En Dam som var mycket best\u00e4md p\u00e5 vad hon ville och inte ville. Elza blev 12 \u00e5r och 9 m\u00e5nader = en 95 \u00e5rig gammal dam som best\u00e4mde i huset mot slutet. Elza var en duktig sp\u00e5r och tj\u00e4nstehund inom Marinen p\u00e5 Berga. Vi saknar henne mycket! Mattes f\u00f6rsta och st\u00f6rsta lycka! Elza lotsade mig med stadig tass genom hundlivets alla faser och grundlade ett stort, stort intresse och k\u00e4rlek till rottweilern. TACK min \u00e4lskade vovve!!!<\/p>\n<\/div>\n<\/div>\n<\/div><\/div>\n\n\n\n<div class=\"wp-block-group alignfull has-background-background-color has-background\" style=\"margin-top:0;margin-bottom:0;padding-top:var(--wp--preset--spacing--60);padding-right:var(--wp--preset--spacing--30);padding-bottom:var(--wp--preset--spacing--60);padding-left:var(--wp--preset--spacing--30)\"><div class=\"wp-block-group__inner-container is-layout-constrained wp-container-core-group-is-layout-392eb801 wp-block-group-is-layout-constrained\">\n<div class=\"wp-block-group alignwide is-content-justification-center\"><div class=\"wp-block-group__inner-container is-layout-constrained wp-block-group-is-layout-constrained\">\n<h3 class=\"wp-block-heading has-text-align-center\">En sida om saknade pusselbitar &#8211; h\u00e4star<\/h3>\n\n\n\n<p class=\"has-text-align-left\" style=\"margin-top:16px\">&#8221;Lorem ipsum dolor sit amet, consectetur adipiscing elit, sed do eiusmod tempor incididunt ut labore et dolore magna aliqua. Ut enim ad minim veniam, quis nostrud exercitation ullamco laboris nisi ut aliquip ex ea commodo consequat.<\/p>\n<\/div><\/div>\n\n\n\n<div class=\"wp-block-columns alignwide is-layout-flex wp-container-core-columns-is-layout-65786054 wp-block-columns-is-layout-flex\">\n<div class=\"wp-block-column is-layout-flow wp-block-column-is-layout-flow\">\n<figure class=\"wp-block-image ext-aspect-landscape ext-import\"><img loading=\"lazy\" decoding=\"async\" width=\"1280\" height=\"960\" src=\"http:\/\/gelzagebora.se\/wp-content\/uploads\/2024\/03\/image.jpeg\" alt=\"\" class=\"wp-image-223\" srcset=\"https:\/\/gelzagebora.se\/wp-content\/uploads\/2024\/03\/image.jpeg 1280w, https:\/\/gelzagebora.se\/wp-content\/uploads\/2024\/03\/image-300x225.jpeg 300w, https:\/\/gelzagebora.se\/wp-content\/uploads\/2024\/03\/image-1024x768.jpeg 1024w, https:\/\/gelzagebora.se\/wp-content\/uploads\/2024\/03\/image-768x576.jpeg 768w\" sizes=\"auto, (max-width: 767px) 89vw, (max-width: 1000px) 54vw, (max-width: 1071px) 543px, 580px\" \/><\/figure>\n\n\n\n<h3 class=\"wp-block-heading has-text-align-center\" style=\"margin-top:24px;font-size:20px;line-height:1.5\">Text<\/h3>\n\n\n\n<p class=\"has-text-align-center has-small-font-size\" style=\"margin-top:8px\">Aug 1, 2026<\/p>\n<\/div>\n\n\n\n<div class=\"wp-block-column is-layout-flow wp-block-column-is-layout-flow\">\n<figure class=\"wp-block-image ext-aspect-landscape ext-import\"><img loading=\"lazy\" decoding=\"async\" width=\"1280\" height=\"960\" src=\"http:\/\/gelzagebora.se\/wp-content\/uploads\/2024\/03\/image-1.jpeg\" alt=\"\" class=\"wp-image-224\" srcset=\"https:\/\/gelzagebora.se\/wp-content\/uploads\/2024\/03\/image-1.jpeg 1280w, https:\/\/gelzagebora.se\/wp-content\/uploads\/2024\/03\/image-1-300x225.jpeg 300w, https:\/\/gelzagebora.se\/wp-content\/uploads\/2024\/03\/image-1-1024x768.jpeg 1024w, https:\/\/gelzagebora.se\/wp-content\/uploads\/2024\/03\/image-1-768x576.jpeg 768w\" sizes=\"auto, (max-width: 767px) 89vw, (max-width: 1000px) 54vw, (max-width: 1071px) 543px, 580px\" \/><\/figure>\n\n\n\n<h3 class=\"wp-block-heading has-text-align-center\" style=\"margin-top:24px;font-size:20px;line-height:1.5\">Text<\/h3>\n\n\n\n<p class=\"has-text-align-center has-small-font-size\" style=\"margin-top:8px\">Oct 1, 2026<\/p>\n<\/div>\n\n\n\n<div class=\"wp-block-column is-layout-flow wp-block-column-is-layout-flow\">\n<figure class=\"wp-block-image ext-aspect-landscape ext-import\"><img loading=\"lazy\" decoding=\"async\" width=\"1280\" height=\"960\" src=\"http:\/\/gelzagebora.se\/wp-content\/uploads\/2024\/03\/image-4.jpeg\" alt=\"\" class=\"wp-image-228\" srcset=\"https:\/\/gelzagebora.se\/wp-content\/uploads\/2024\/03\/image-4.jpeg 1280w, https:\/\/gelzagebora.se\/wp-content\/uploads\/2024\/03\/image-4-300x225.jpeg 300w, https:\/\/gelzagebora.se\/wp-content\/uploads\/2024\/03\/image-4-1024x768.jpeg 1024w, https:\/\/gelzagebora.se\/wp-content\/uploads\/2024\/03\/image-4-768x576.jpeg 768w\" sizes=\"auto, (max-width: 767px) 89vw, (max-width: 1000px) 54vw, (max-width: 1071px) 543px, 580px\" \/><\/figure>\n\n\n\n<h3 class=\"wp-block-heading has-text-align-center\" style=\"margin-top:24px;font-size:20px;line-height:1.5\">Text<\/h3>\n\n\n\n<p class=\"has-text-align-center has-small-font-size\" style=\"margin-top:8px\">Dec1, 2026<\/p>\n<\/div>\n<\/div>\n<\/div><\/div>\n\n\n\n<div class=\"wp-block-group alignfull has-background-background-color has-background\" style=\"margin-top:0;margin-bottom:0;padding-top:var(--wp--preset--spacing--60);padding-right:var(--wp--preset--spacing--30);padding-bottom:var(--wp--preset--spacing--60);padding-left:var(--wp--preset--spacing--30)\"><div class=\"wp-block-group__inner-container is-layout-constrained wp-container-core-group-is-layout-392eb801 wp-block-group-is-layout-constrained\">\n<div class=\"wp-block-group alignwide is-content-justification-center\"><div class=\"wp-block-group__inner-container is-layout-constrained wp-block-group-is-layout-constrained\">\n<h3 class=\"wp-block-heading has-text-align-center\">En sida om saknade pusselbitar &#8211; katter<\/h3>\n\n\n\n<p class=\"has-text-align-left\" style=\"margin-top:16px\">&#8221;Lorem ipsum dolor sit amet, consectetur adipiscing elit, sed do eiusmod tempor incididunt ut labore et dolore magna aliqua. Ut enim ad minim veniam, quis nostrud exercitation ullamco laboris nisi ut aliquip ex ea commodo consequat.<\/p>\n<\/div><\/div>\n\n\n\n<div class=\"wp-block-columns alignwide is-layout-flex wp-container-core-columns-is-layout-65786054 wp-block-columns-is-layout-flex\">\n<div class=\"wp-block-column is-layout-flow wp-block-column-is-layout-flow\">\n<figure class=\"wp-block-image ext-aspect-landscape ext-import\"><img loading=\"lazy\" decoding=\"async\" width=\"1280\" height=\"960\" src=\"http:\/\/gelzagebora.se\/wp-content\/uploads\/2024\/03\/image-3.jpeg\" alt=\"\" class=\"wp-image-227\" srcset=\"https:\/\/gelzagebora.se\/wp-content\/uploads\/2024\/03\/image-3.jpeg 1280w, https:\/\/gelzagebora.se\/wp-content\/uploads\/2024\/03\/image-3-300x225.jpeg 300w, https:\/\/gelzagebora.se\/wp-content\/uploads\/2024\/03\/image-3-1024x768.jpeg 1024w, https:\/\/gelzagebora.se\/wp-content\/uploads\/2024\/03\/image-3-768x576.jpeg 768w\" sizes=\"auto, (max-width: 767px) 89vw, (max-width: 1000px) 54vw, (max-width: 1071px) 543px, 580px\" \/><\/figure>\n\n\n\n<h3 class=\"wp-block-heading has-text-align-center\" style=\"margin-top:24px;font-size:20px;line-height:1.5\">Text<\/h3>\n\n\n\n<p class=\"has-text-align-center has-small-font-size\" style=\"margin-top:8px\">Aug 1, 2026<\/p>\n<\/div>\n\n\n\n<div class=\"wp-block-column is-layout-flow wp-block-column-is-layout-flow\">\n<figure class=\"wp-block-image ext-aspect-landscape ext-import\"><img loading=\"lazy\" decoding=\"async\" width=\"1280\" height=\"960\" src=\"http:\/\/gelzagebora.se\/wp-content\/uploads\/2024\/03\/image-2.jpeg\" alt=\"\" class=\"wp-image-226\" srcset=\"https:\/\/gelzagebora.se\/wp-content\/uploads\/2024\/03\/image-2.jpeg 1280w, https:\/\/gelzagebora.se\/wp-content\/uploads\/2024\/03\/image-2-300x225.jpeg 300w, https:\/\/gelzagebora.se\/wp-content\/uploads\/2024\/03\/image-2-1024x768.jpeg 1024w, https:\/\/gelzagebora.se\/wp-content\/uploads\/2024\/03\/image-2-768x576.jpeg 768w\" sizes=\"auto, (max-width: 767px) 89vw, (max-width: 1000px) 54vw, (max-width: 1071px) 543px, 580px\" \/><\/figure>\n\n\n\n<h3 class=\"wp-block-heading has-text-align-center\" style=\"margin-top:24px;font-size:20px;line-height:1.5\">Text<\/h3>\n\n\n\n<p class=\"has-text-align-center has-small-font-size\" style=\"margin-top:8px\">Oct 1, 2026<\/p>\n<\/div>\n\n\n\n<div class=\"wp-block-column is-layout-flow wp-block-column-is-layout-flow\">\n<figure class=\"wp-block-image ext-aspect-landscape ext-import\"><img loading=\"lazy\" decoding=\"async\" width=\"1280\" height=\"960\" src=\"http:\/\/gelzagebora.se\/wp-content\/uploads\/2024\/03\/image-2.jpeg\" alt=\"\" class=\"wp-image-225\" srcset=\"https:\/\/gelzagebora.se\/wp-content\/uploads\/2024\/03\/image-2.jpeg 1280w, https:\/\/gelzagebora.se\/wp-content\/uploads\/2024\/03\/image-2-300x225.jpeg 300w, https:\/\/gelzagebora.se\/wp-content\/uploads\/2024\/03\/image-2-1024x768.jpeg 1024w, https:\/\/gelzagebora.se\/wp-content\/uploads\/2024\/03\/image-2-768x576.jpeg 768w\" sizes=\"auto, (max-width: 767px) 89vw, (max-width: 1000px) 54vw, (max-width: 1071px) 543px, 580px\" \/><\/figure>\n\n\n\n<h3 class=\"wp-block-heading has-text-align-center\" style=\"margin-top:24px;font-size:20px;line-height:1.5\">Text<\/h3>\n\n\n\n<p class=\"has-text-align-center has-small-font-size\" style=\"margin-top:8px\">Dec1, 2026<\/p>\n<\/div>\n<\/div>\n<\/div><\/div>\n","protected":false},"excerpt":{"rendered":"<p>En sida om saknade pusselbitar &#8211; hundar &#8221;Lorem ipsum dolor sit amet, consectetur adipiscing elit, sed do eiusmod tempor incididunt ut labore et dolore magna aliqua. Ut enim ad minim veniam, quis nostrud exercitation ullamco laboris nisi ut aliquip ex ea commodo consequat. * 2005-05-05\u00a0\u00a0\u00a0 t 2007-09-05 &#8221;Ture&#8221;Gelza Gebora&#8217;s Ture e: Korad NUCH LP1 Faunus &hellip; <\/p>\n<p class=\"link-more\"><a href=\"https:\/\/gelzagebora.se\/index.php\/minneslund\/\" class=\"more-link\">Forts\u00e4tt l\u00e4sa<span class=\"screen-reader-text\"> \u201dMinneslund\u201d<\/span><\/a><\/p>\n","protected":false},"author":1,"featured_media":0,"parent":0,"menu_order":0,"comment_status":"closed","ping_status":"closed","template":"","meta":{"inline_featured_image":false,"footnotes":""},"class_list":["post-44","page","type-page","status-publish","hentry"],"_links":{"self":[{"href":"https:\/\/gelzagebora.se\/index.php\/wp-json\/wp\/v2\/pages\/44","targetHints":{"allow":["GET"]}}],"collection":[{"href":"https:\/\/gelzagebora.se\/index.php\/wp-json\/wp\/v2\/pages"}],"about":[{"href":"https:\/\/gelzagebora.se\/index.php\/wp-json\/wp\/v2\/types\/page"}],"author":[{"embeddable":true,"href":"https:\/\/gelzagebora.se\/index.php\/wp-json\/wp\/v2\/users\/1"}],"replies":[{"embeddable":true,"href":"https:\/\/gelzagebora.se\/index.php\/wp-json\/wp\/v2\/comments?post=44"}],"version-history":[{"count":5,"href":"https:\/\/gelzagebora.se\/index.php\/wp-json\/wp\/v2\/pages\/44\/revisions"}],"predecessor-version":[{"id":230,"href":"https:\/\/gelzagebora.se\/index.php\/wp-json\/wp\/v2\/pages\/44\/revisions\/230"}],"wp:attachment":[{"href":"https:\/\/gelzagebora.se\/index.php\/wp-json\/wp\/v2\/media?parent=44"}],"curies":[{"name":"wp","href":"https:\/\/api.w.org\/{rel}","templated":true}]}}