{"id":272,"date":"2024-03-23T15:12:11","date_gmt":"2024-03-23T14:12:11","guid":{"rendered":"http:\/\/gelzagebora.se\/?page_id=272"},"modified":"2024-03-23T15:12:11","modified_gmt":"2024-03-23T14:12:11","slug":"barf-biologiskt-anpassad-ra-foda","status":"publish","type":"page","link":"http:\/\/gelzagebora.se\/index.php\/barf-biologiskt-anpassad-ra-foda\/","title":{"rendered":"BARF &#8211; Biologiskt Anpassad R\u00e5 F\u00f6da"},"content":{"rendered":"\n<p><strong>Biologisk Anpassad R\u00e5 F\u00f6da<\/strong><br>V\u00e5ra hundar f\u00e5r sedan m\u00e5nga \u00e5r tillbaka r\u00e5a k\u00f6ttiga ben av fisk, f\u00e5gel, n\u00f6t, lamm och vilt.<br>Det \u00e4r viktigt att benen \u00e4r just R\u00c5A eftersom de d\u00e5 inte flisas i magen som uppv\u00e4rmda ben g\u00f6r.<\/p>\n\n\n\n<p>Hundarna f\u00e5r \u00e4ven k\u00f6ttf\u00e4rs med benen malda i av ovanst\u00e5ende ben.<br>Till detta f\u00e5r de gr\u00f6nsaker. Alternativt f\u00e5r de ekologiska frystorkade gr\u00f6nsaker eller en gr\u00f6t gjord p\u00e5 Avorioris, Hirs och Bovete (som \u00e4r en \u00f6rt namnet till trots). Hundars magar t\u00e5l inte s\u00e4d s\u00e5 bra och inget av detta \u00e4r s\u00e4d. Dessutom kompletteras det med Laxolja, mineraler och vitaminer.<\/p>\n\n\n\n<p><strong>Lite bakgrund till varf\u00f6r v\u00e5ra hundar b\u00f6rjade med BARF<\/strong><br>N\u00e4r min f\u00f6rsta Rottweiler Skallbj\u00f6rnen&#8217;s Gelza Gebora, var nyss fyllda 2 \u00e5r fick hon akut livmoderinflammation. D\u00e4r f\u00f6rsvann mina dr\u00f6mmar om att f\u00f6da upp rottisar med henne som avelstik. Men jag har l\u00e4rt mig oerh\u00f6rt mycket under \u00e5ren med &#8221;Elza&#8221;.&nbsp;<\/p>\n\n\n\n<p>I 4:a \u00e5rs\u00e5ldern konstaterades att Elza hade sk\u00f6ldk\u00f6rtel problem. Hon fick d\u00e4refter \u00e4ta Levaxin varje dag, b\u00e5de kostsamt och ganska sv\u00e5rt att finna korrekt dosering. Vid 6 \u00e5r hade ena bakbenets korsband f\u00f6rsvagats s\u00e5 till den grad att hon opererades, ett \u00e5r senare opererades andra bakbenet. <\/p>\n\n\n\n<p>Vid 8 \u00e5r fick vi ta bort 2 stora kindt\u00e4nder eftersom hon hade tandv\u00e4rk, det tog l\u00e5ng tid att &#8221;fels\u00f6ka&#8221; eftersom tandv\u00e4rk inte \u00e4r ett s\u00e4rskilt synligt problem. N\u00e4r Elza sedan var 9 \u00e5r trodde jag att det var slut f\u00f6r hennes del, hon hade ingen livskraft kvar. Under hela hennes liv fick hon alltid det absolut b\u00e4sta OCH dyraste hundfodret. <\/p>\n\n\n\n<p>Veterin\u00e4r efter veterin\u00e4r rekommenderade \u00e4n det ena \u00e4n det andra, men oftast det som de sj\u00e4lva s\u00e5lde och som var till f\u00f6r en hund med hennes &#8221;problem&#8221;. N\u00e4r hon s\u00e5 var 9 \u00e5r fick jag via en klient reda p\u00e5 en veterin\u00e4r som hade specialiserat sig p\u00e5 alternativa behandlingsmetoder. Denna veterin\u00e4r (Naturlig Djurh\u00e4lsa i Sundbyberg) behandlade hundar med akupunktur MEN hon b\u00f6rjade ocks\u00e5 sakta men s\u00e4kert undervisa mig i matsm\u00e4ltningens betydelse f\u00f6r HELA hundens v\u00e4lbefinnande!!! <\/p>\n\n\n\n<p>H\u00e4r fanns en veterin\u00e4r som visste vad hon talade om. Efter 6 m\u00e5nader av BARF foder och regelbunden akupunktur hade jag helt pl\u00f6tsligt f\u00e5tt en UNG hund igen! Gl\u00e4djen var stor! Elza simmade och lekte som aldrig f\u00f6rr och jag var helt omv\u00e4nd n\u00e4r det g\u00e4llde hundmat. Sedan dess har mina hundar f\u00e5tt BARF mat. Min underbara l\u00e4rom\u00e4stare Elza gick bort i h\u00f6stas vid den h\u00f6ga \u00e5ldern (med tanke p\u00e5 alla hennes kr\u00e4mpor) av 12 \u00e5r och nio m\u00e5nader. <\/p>\n\n\n\n<p>V\u00e5r saknad \u00e4r stor!<\/p>\n","protected":false},"excerpt":{"rendered":"<p>Biologisk Anpassad R\u00e5 F\u00f6daV\u00e5ra hundar f\u00e5r sedan m\u00e5nga \u00e5r tillbaka r\u00e5a k\u00f6ttiga ben av fisk, f\u00e5gel, n\u00f6t, lamm och vilt.Det \u00e4r viktigt att benen \u00e4r just R\u00c5A eftersom de d\u00e5 inte flisas i magen som uppv\u00e4rmda ben g\u00f6r. Hundarna f\u00e5r \u00e4ven k\u00f6ttf\u00e4rs med benen malda i av ovanst\u00e5ende ben.Till detta f\u00e5r de gr\u00f6nsaker. Alternativt f\u00e5r &hellip; <\/p>\n<p class=\"link-more\"><a href=\"http:\/\/gelzagebora.se\/index.php\/barf-biologiskt-anpassad-ra-foda\/\" class=\"more-link\">Forts\u00e4tt l\u00e4sa<span class=\"screen-reader-text\"> \u201dBARF &#8211; Biologiskt Anpassad R\u00e5 F\u00f6da\u201d<\/span><\/a><\/p>\n","protected":false},"author":1,"featured_media":0,"parent":0,"menu_order":0,"comment_status":"closed","ping_status":"closed","template":"","meta":{"inline_featured_image":false,"footnotes":""},"class_list":["post-272","page","type-page","status-publish","hentry"],"_links":{"self":[{"href":"http:\/\/gelzagebora.se\/index.php\/wp-json\/wp\/v2\/pages\/272","targetHints":{"allow":["GET"]}}],"collection":[{"href":"http:\/\/gelzagebora.se\/index.php\/wp-json\/wp\/v2\/pages"}],"about":[{"href":"http:\/\/gelzagebora.se\/index.php\/wp-json\/wp\/v2\/types\/page"}],"author":[{"embeddable":true,"href":"http:\/\/gelzagebora.se\/index.php\/wp-json\/wp\/v2\/users\/1"}],"replies":[{"embeddable":true,"href":"http:\/\/gelzagebora.se\/index.php\/wp-json\/wp\/v2\/comments?post=272"}],"version-history":[{"count":1,"href":"http:\/\/gelzagebora.se\/index.php\/wp-json\/wp\/v2\/pages\/272\/revisions"}],"predecessor-version":[{"id":274,"href":"http:\/\/gelzagebora.se\/index.php\/wp-json\/wp\/v2\/pages\/272\/revisions\/274"}],"wp:attachment":[{"href":"http:\/\/gelzagebora.se\/index.php\/wp-json\/wp\/v2\/media?parent=272"}],"curies":[{"name":"wp","href":"https:\/\/api.w.org\/{rel}","templated":true}]}}